{"id":2058,"date":"2025-05-07T19:56:52","date_gmt":"2025-05-08T03:56:52","guid":{"rendered":"https:\/\/pentaflorathreads.com\/?post_type=product&#038;p=2058"},"modified":"2025-12-06T20:33:21","modified_gmt":"2025-12-07T04:33:21","slug":"gratitude-gram-strawberry-stamp","status":"publish","type":"product","link":"https:\/\/pentaflorathreads.com\/index.php\/product\/gratitude-gram-strawberry-stamp\/","title":{"rendered":"Gratitude Gram &#8211; Strawberry Stamp"},"content":{"rendered":"<div class=\"wpb-content-wrapper\"><p>[vc_row el_class=&#8221;m-b-md&#8221;][vc_column][vc_column_text]<strong>Chinese Scroll Translation<\/strong>:<\/p>\n<p>\u611f\u6069\u6234\u5fb7 (g\u00e0n \u0113n d\u00e0i d\u00e9): A heart overflowing with gratitude.<\/p>\n<p>\u5343\u6069\u4e07\u8c22 (qi\u0101n \u0113n w\u00e0n xi\u00e8): A thousand gratitudes and ten thousand thanks.[\/vc_column_text][\/vc_column][\/vc_row][vc_row el_class=&#8221;m-b-md&#8221; css=&#8221;.vc_custom_1511248807031{padding-left: 40px !important;}&#8221;][vc_column]<style>.porto-info-list6c31a765bb0ad3faae98fa77663c91cc i { color: #21293c;font-size: 16px; }<\/style><ul class=\"porto-info-list  porto-info-list6c31a765bb0ad3faae98fa77663c91cc wpb_custom_a8283160c59238d5e464cd213570c9f4\"><\/ul>\n<\/div>","protected":false},"excerpt":{"rendered":"<p>Being thankful is a timeless virtue. A simple, heartfelt \u201cthank you\u201d can uplift, encourage, and inspire in meaningful ways.<\/p>\n<p><span style=\"font-weight: 400;\">Express your appreciation with a gratitude gram! This strawberry-scented felt stamp is a charming and thoughtful token, accompanied by a card for you to write a personalized message of thanks. The felt stamp features a hidden pocket containing a scroll inscribed with two traditional Chinese phrases expressing gratitude.<\/span><\/p>\n","protected":false},"featured_media":1887,"comment_status":"open","ping_status":"closed","template":"","meta":{"content-type":""},"product_brand":[],"product_cat":[93],"product_tag":[],"class_list":{"0":"post-2058","1":"product","2":"type-product","3":"status-publish","4":"has-post-thumbnail","6":"product_cat-felt-gram","8":"first","9":"instock","10":"featured","11":"taxable","12":"shipping-taxable","13":"purchasable","14":"product-type-simple"},"jetpack_sharing_enabled":true,"_links":{"self":[{"href":"https:\/\/pentaflorathreads.com\/index.php\/wp-json\/wp\/v2\/product\/2058","targetHints":{"allow":["GET"]}}],"collection":[{"href":"https:\/\/pentaflorathreads.com\/index.php\/wp-json\/wp\/v2\/product"}],"about":[{"href":"https:\/\/pentaflorathreads.com\/index.php\/wp-json\/wp\/v2\/types\/product"}],"replies":[{"embeddable":true,"href":"https:\/\/pentaflorathreads.com\/index.php\/wp-json\/wp\/v2\/comments?post=2058"}],"wp:featuredmedia":[{"embeddable":true,"href":"https:\/\/pentaflorathreads.com\/index.php\/wp-json\/wp\/v2\/media\/1887"}],"wp:attachment":[{"href":"https:\/\/pentaflorathreads.com\/index.php\/wp-json\/wp\/v2\/media?parent=2058"}],"wp:term":[{"taxonomy":"product_brand","embeddable":true,"href":"https:\/\/pentaflorathreads.com\/index.php\/wp-json\/wp\/v2\/product_brand?post=2058"},{"taxonomy":"product_cat","embeddable":true,"href":"https:\/\/pentaflorathreads.com\/index.php\/wp-json\/wp\/v2\/product_cat?post=2058"},{"taxonomy":"product_tag","embeddable":true,"href":"https:\/\/pentaflorathreads.com\/index.php\/wp-json\/wp\/v2\/product_tag?post=2058"}],"curies":[{"name":"wp","href":"https:\/\/api.w.org\/{rel}","templated":true}]}}